{"id":5835,"date":"2024-07-06T17:43:38","date_gmt":"2024-07-06T15:43:38","guid":{"rendered":"https:\/\/sirattenborough.com\/?page_id=5835"},"modified":"2025-03-21T01:56:37","modified_gmt":"2025-03-20T23:56:37","slug":"susan-attenborough","status":"publish","type":"page","link":"https:\/\/sirattenborough.com\/en\/susan-attenborough\/","title":{"rendered":"Susan Attenborough"},"content":{"rendered":"<div data-elementor-type=\"wp-page\" data-elementor-id=\"5835\" class=\"elementor elementor-5835\" data-elementor-post-type=\"page\">\n\t\t\t\t\t\t<section data-particle_enable=\"false\" data-particle-mobile-disabled=\"false\" class=\"elementor-section elementor-top-section elementor-element elementor-element-18618fdd elementor-section-full_width elementor-section-height-min-height elementor-section-items-bottom elementor-section-content-middle elementor-section-height-default\" data-id=\"18618fdd\" data-element_type=\"section\" data-settings=\"{&quot;background_background&quot;:&quot;classic&quot;}\">\n\t\t\t\t\t\t<div class=\"elementor-container elementor-column-gap-no\">\n\t\t\t\t\t<div class=\"elementor-column elementor-col-100 elementor-top-column elementor-element elementor-element-300b8209\" data-id=\"300b8209\" data-element_type=\"column\">\n\t\t\t<div class=\"elementor-widget-wrap elementor-element-populated\">\n\t\t\t\t\t\t<div class=\"elementor-element elementor-element-5718d7f6 elementor-widget elementor-widget-heading\" data-id=\"5718d7f6\" data-element_type=\"widget\" data-widget_type=\"heading.default\">\n\t\t\t\t<div class=\"elementor-widget-container\">\n\t\t\t\t\t<h2 class=\"elementor-heading-title elementor-size-default\">Susan Attenborough<\/h2>\t\t\t\t<\/div>\n\t\t\t\t<\/div>\n\t\t\t\t\t<\/div>\n\t\t<\/div>\n\t\t\t\t\t<\/div>\n\t\t<\/section>\n\t\t\t\t<section data-particle_enable=\"false\" data-particle-mobile-disabled=\"false\" class=\"elementor-section elementor-top-section elementor-element elementor-element-5d41bf4e elementor-section-full_width elementor-section-stretched elementor-section-height-default elementor-section-height-default\" data-id=\"5d41bf4e\" data-element_type=\"section\" data-settings=\"{&quot;stretch_section&quot;:&quot;section-stretched&quot;}\">\n\t\t\t\t\t\t<div class=\"elementor-container elementor-column-gap-default\">\n\t\t\t\t\t<div class=\"elementor-column elementor-col-100 elementor-top-column elementor-element elementor-element-7e464ffd\" data-id=\"7e464ffd\" data-element_type=\"column\" data-settings=\"{&quot;background_background&quot;:&quot;classic&quot;}\">\n\t\t\t<div class=\"elementor-widget-wrap elementor-element-populated\">\n\t\t\t\t\t\t<div class=\"elementor-element elementor-element-49056ee9 elementor-nav-menu__align-center elementor-nav-menu--dropdown-tablet elementor-nav-menu__text-align-aside elementor-nav-menu--toggle elementor-nav-menu--burger elementor-widget elementor-widget-nav-menu\" data-id=\"49056ee9\" data-element_type=\"widget\" data-settings=\"{&quot;layout&quot;:&quot;horizontal&quot;,&quot;submenu_icon&quot;:{&quot;value&quot;:&quot;&lt;i class=\\&quot;fas fa-caret-down\\&quot; aria-hidden=\\&quot;true\\&quot;&gt;&lt;\\\/i&gt;&quot;,&quot;library&quot;:&quot;fa-solid&quot;},&quot;toggle&quot;:&quot;burger&quot;}\" data-widget_type=\"nav-menu.default\">\n\t\t\t\t<div class=\"elementor-widget-container\">\n\t\t\t\t\t\t\t\t<nav aria-label=\"Menu\" class=\"elementor-nav-menu--main elementor-nav-menu__container elementor-nav-menu--layout-horizontal e--pointer-text e--animation-grow\">\n\t\t\t\t<ul id=\"menu-1-49056ee9\" class=\"elementor-nav-menu\"><li class=\"menu-item menu-item-type-post_type menu-item-object-page menu-item-home menu-item-4652\"><a href=\"https:\/\/sirattenborough.com\/en\/\" class=\"elementor-item\">Inicio<\/a><\/li>\n<li class=\"menu-item menu-item-type-post_type menu-item-object-page menu-item-5184\"><a href=\"https:\/\/sirattenborough.com\/en\/biografia\/\" class=\"elementor-item\">Biograf\u00eda<\/a><\/li>\n<li class=\"menu-item menu-item-type-post_type menu-item-object-page menu-item-4655\"><a href=\"https:\/\/sirattenborough.com\/en\/estudios\/\" class=\"elementor-item\">Estudios<\/a><\/li>\n<li class=\"menu-item menu-item-type-post_type menu-item-object-page menu-item-4656\"><a href=\"https:\/\/sirattenborough.com\/en\/carrera\/\" class=\"elementor-item\">Carrera<\/a><\/li>\n<li class=\"menu-item menu-item-type-post_type menu-item-object-page menu-item-7598\"><a href=\"https:\/\/sirattenborough.com\/en\/logros\/\" class=\"elementor-item\">Logros<\/a><\/li>\n<li class=\"menu-item menu-item-type-post_type menu-item-object-page menu-item-4668\"><a href=\"https:\/\/sirattenborough.com\/en\/bbc\/\" class=\"elementor-item\">BBC<\/a><\/li>\n<li class=\"menu-item menu-item-type-post_type menu-item-object-page menu-item-4667\"><a href=\"https:\/\/sirattenborough.com\/en\/bibliografia\/\" class=\"elementor-item\">Bibliograf\u00eda<\/a><\/li>\n<li class=\"menu-item menu-item-type-post_type menu-item-object-page menu-item-4669\"><a href=\"https:\/\/sirattenborough.com\/en\/filmografia\/\" class=\"elementor-item\">Filmograf\u00eda<\/a><\/li>\n<li class=\"menu-item menu-item-type-post_type menu-item-object-page menu-item-7503\"><a href=\"https:\/\/sirattenborough.com\/en\/linea-temporal\/\" class=\"elementor-item\">L\u00ednea Temporal<\/a><\/li>\n<li class=\"menu-item menu-item-type-post_type menu-item-object-page menu-item-4653\"><a href=\"https:\/\/sirattenborough.com\/en\/blog\/\" class=\"elementor-item\">Noticias<\/a><\/li>\n<li class=\"menu-item menu-item-type-post_type menu-item-object-page menu-item-4661\"><a href=\"https:\/\/sirattenborough.com\/en\/contacto\/\" class=\"elementor-item\">Contacto<\/a><\/li>\n<\/ul>\t\t\t<\/nav>\n\t\t\t\t\t<div class=\"elementor-menu-toggle\" role=\"button\" tabindex=\"0\" aria-label=\"Menu Toggle\" aria-expanded=\"false\">\n\t\t\t<i aria-hidden=\"true\" role=\"presentation\" class=\"elementor-menu-toggle__icon--open eicon-menu-bar\"><\/i><i aria-hidden=\"true\" role=\"presentation\" class=\"elementor-menu-toggle__icon--close eicon-close\"><\/i>\t\t<\/div>\n\t\t\t\t\t<nav class=\"elementor-nav-menu--dropdown elementor-nav-menu__container\" aria-hidden=\"true\">\n\t\t\t\t<ul id=\"menu-2-49056ee9\" class=\"elementor-nav-menu\"><li class=\"menu-item menu-item-type-post_type menu-item-object-page menu-item-home menu-item-4652\"><a href=\"https:\/\/sirattenborough.com\/en\/\" class=\"elementor-item\" tabindex=\"-1\">Inicio<\/a><\/li>\n<li class=\"menu-item menu-item-type-post_type menu-item-object-page menu-item-5184\"><a href=\"https:\/\/sirattenborough.com\/en\/biografia\/\" class=\"elementor-item\" tabindex=\"-1\">Biograf\u00eda<\/a><\/li>\n<li class=\"menu-item menu-item-type-post_type menu-item-object-page menu-item-4655\"><a href=\"https:\/\/sirattenborough.com\/en\/estudios\/\" class=\"elementor-item\" tabindex=\"-1\">Estudios<\/a><\/li>\n<li class=\"menu-item menu-item-type-post_type menu-item-object-page menu-item-4656\"><a href=\"https:\/\/sirattenborough.com\/en\/carrera\/\" class=\"elementor-item\" tabindex=\"-1\">Carrera<\/a><\/li>\n<li class=\"menu-item menu-item-type-post_type menu-item-object-page menu-item-7598\"><a href=\"https:\/\/sirattenborough.com\/en\/logros\/\" class=\"elementor-item\" tabindex=\"-1\">Logros<\/a><\/li>\n<li class=\"menu-item menu-item-type-post_type menu-item-object-page menu-item-4668\"><a href=\"https:\/\/sirattenborough.com\/en\/bbc\/\" class=\"elementor-item\" tabindex=\"-1\">BBC<\/a><\/li>\n<li class=\"menu-item menu-item-type-post_type menu-item-object-page menu-item-4667\"><a href=\"https:\/\/sirattenborough.com\/en\/bibliografia\/\" class=\"elementor-item\" tabindex=\"-1\">Bibliograf\u00eda<\/a><\/li>\n<li class=\"menu-item menu-item-type-post_type menu-item-object-page menu-item-4669\"><a href=\"https:\/\/sirattenborough.com\/en\/filmografia\/\" class=\"elementor-item\" tabindex=\"-1\">Filmograf\u00eda<\/a><\/li>\n<li class=\"menu-item menu-item-type-post_type menu-item-object-page menu-item-7503\"><a href=\"https:\/\/sirattenborough.com\/en\/linea-temporal\/\" class=\"elementor-item\" tabindex=\"-1\">L\u00ednea Temporal<\/a><\/li>\n<li class=\"menu-item menu-item-type-post_type menu-item-object-page menu-item-4653\"><a href=\"https:\/\/sirattenborough.com\/en\/blog\/\" class=\"elementor-item\" tabindex=\"-1\">Noticias<\/a><\/li>\n<li class=\"menu-item menu-item-type-post_type menu-item-object-page menu-item-4661\"><a href=\"https:\/\/sirattenborough.com\/en\/contacto\/\" class=\"elementor-item\" tabindex=\"-1\">Contacto<\/a><\/li>\n<\/ul>\t\t\t<\/nav>\n\t\t\t\t\t\t<\/div>\n\t\t\t\t<\/div>\n\t\t\t\t\t<\/div>\n\t\t<\/div>\n\t\t\t\t\t<\/div>\n\t\t<\/section>\n\t\t\t\t<section data-particle_enable=\"false\" data-particle-mobile-disabled=\"false\" class=\"elementor-section elementor-top-section elementor-element elementor-element-dad8824 elementor-section-full_width elementor-section-height-min-height elementor-section-height-default elementor-section-items-middle\" data-id=\"dad8824\" data-element_type=\"section\">\n\t\t\t\t\t\t<div class=\"elementor-container elementor-column-gap-default\">\n\t\t\t\t\t<div class=\"elementor-column elementor-col-100 elementor-top-column elementor-element elementor-element-1a3b688\" data-id=\"1a3b688\" data-element_type=\"column\">\n\t\t\t<div class=\"elementor-widget-wrap elementor-element-populated\">\n\t\t\t\t\t\t<div class=\"elementor-element elementor-element-f57160c elementor-widget elementor-widget-heading\" data-id=\"f57160c\" data-element_type=\"widget\" data-widget_type=\"heading.default\">\n\t\t\t\t<div class=\"elementor-widget-container\">\n\t\t\t\t\t<h2 class=\"elementor-heading-title elementor-size-default\">P\u00e1gina en construcci\u00f3n<\/h2>\t\t\t\t<\/div>\n\t\t\t\t<\/div>\n\t\t\t\t\t<\/div>\n\t\t<\/div>\n\t\t\t\t\t<\/div>\n\t\t<\/section>\n\t\t\t\t<section data-particle_enable=\"false\" data-particle-mobile-disabled=\"false\" class=\"elementor-section elementor-top-section elementor-element elementor-element-a43d912 elementor-section-full_width elementor-section-height-default elementor-section-height-default\" data-id=\"a43d912\" data-element_type=\"section\" data-settings=\"{&quot;background_background&quot;:&quot;classic&quot;}\">\n\t\t\t\t\t\t<div class=\"elementor-container elementor-column-gap-default\">\n\t\t\t\t\t<div class=\"elementor-column elementor-col-100 elementor-top-column elementor-element elementor-element-4f8b2497\" data-id=\"4f8b2497\" data-element_type=\"column\">\n\t\t\t<div class=\"elementor-widget-wrap elementor-element-populated\">\n\t\t\t\t\t\t<div class=\"elementor-element elementor-element-72d2f452 elementor-view-default elementor-widget elementor-widget-icon\" data-id=\"72d2f452\" data-element_type=\"widget\" data-widget_type=\"icon.default\">\n\t\t\t\t<div class=\"elementor-widget-container\">\n\t\t\t\t\t\t\t<div class=\"elementor-icon-wrapper\">\n\t\t\t<a class=\"elementor-icon\" href=\"#top\">\n\t\t\t<i aria-hidden=\"true\" class=\"fas fa-chevron-up\"><\/i>\t\t\t<\/a>\n\t\t<\/div>\n\t\t\t\t\t\t<\/div>\n\t\t\t\t<\/div>\n\t\t\t\t\t<\/div>\n\t\t<\/div>\n\t\t\t\t\t<\/div>\n\t\t<\/section>\n\t\t\t\t<section data-particle_enable=\"false\" data-particle-mobile-disabled=\"false\" class=\"elementor-section elementor-top-section elementor-element elementor-element-6fa3d5aa elementor-section-boxed elementor-section-height-default elementor-section-height-default\" data-id=\"6fa3d5aa\" data-element_type=\"section\" data-settings=\"{&quot;background_background&quot;:&quot;classic&quot;}\">\n\t\t\t\t\t\t<div class=\"elementor-container elementor-column-gap-default\">\n\t\t\t\t\t<div class=\"elementor-column elementor-col-100 elementor-top-column elementor-element elementor-element-3481d2ed\" data-id=\"3481d2ed\" data-element_type=\"column\">\n\t\t\t<div class=\"elementor-widget-wrap elementor-element-populated\">\n\t\t\t\t\t\t<div class=\"elementor-element elementor-element-7cf44b44 elementor-widget elementor-widget-heading\" data-id=\"7cf44b44\" data-element_type=\"widget\" data-widget_type=\"heading.default\">\n\t\t\t\t<div class=\"elementor-widget-container\">\n\t\t\t\t\t<h2 class=\"elementor-heading-title elementor-size-default\"><a href=\"#top\">Arriba<\/a><\/h2>\t\t\t\t<\/div>\n\t\t\t\t<\/div>\n\t\t\t\t\t<\/div>\n\t\t<\/div>\n\t\t\t\t\t<\/div>\n\t\t<\/section>\n\t\t\t\t<section data-particle_enable=\"false\" data-particle-mobile-disabled=\"false\" class=\"elementor-section elementor-top-section elementor-element elementor-element-35dc5074 elementor-section-full_width elementor-section-height-default elementor-section-height-default\" data-id=\"35dc5074\" data-element_type=\"section\" data-settings=\"{&quot;background_background&quot;:&quot;classic&quot;}\">\n\t\t\t\t\t\t<div class=\"elementor-container elementor-column-gap-default\">\n\t\t\t\t\t<div class=\"elementor-column elementor-col-100 elementor-top-column elementor-element elementor-element-4a9503e1\" data-id=\"4a9503e1\" data-element_type=\"column\" data-settings=\"{&quot;background_background&quot;:&quot;classic&quot;}\">\n\t\t\t<div class=\"elementor-widget-wrap elementor-element-populated\">\n\t\t\t\t\t\t<div class=\"elementor-element elementor-element-6dd8fe7 elementor-cta--layout-image-right elementor-cta--mobile-layout-image-right elementor-cta--skin-classic elementor-animated-content elementor-bg-transform elementor-bg-transform-zoom-in elementor-widget elementor-widget-call-to-action\" data-id=\"6dd8fe7\" data-element_type=\"widget\" data-widget_type=\"call-to-action.default\">\n\t\t\t\t<div class=\"elementor-widget-container\">\n\t\t\t\t\t\t\t<div class=\"elementor-cta\">\n\t\t\t\t\t<div class=\"elementor-cta__bg-wrapper\">\n\t\t\t\t<div class=\"elementor-cta__bg elementor-bg\" style=\"background-image: url(https:\/\/sirattenborough.com\/wp-content\/uploads\/2022\/02\/246356888_1022053735255096_8459187242991373957_n.jpg);\" role=\"img\" aria-label=\"246356888_1022053735255096_8459187242991373957_n\"><\/div>\n\t\t\t\t<div class=\"elementor-cta__bg-overlay\"><\/div>\n\t\t\t<\/div>\n\t\t\t\t\t\t\t<div class=\"elementor-cta__content\">\n\t\t\t\t\n\t\t\t\t\t\t\t\t\t<h1 class=\"elementor-cta__title elementor-cta__content-item elementor-content-item\">\n\t\t\t\t\t\tSir Attenborough\t\t\t\t\t<\/h1>\n\t\t\t\t\n\t\t\t\t\t\t\t\t\t<div class=\"elementor-cta__description elementor-cta__content-item elementor-content-item\">\n\t\t\t\t\t\tMe parece que el mundo natural es la mayor fuente de excitaci\u00f3n, la mayor fuente de belleza visual, la mayor fuente de inter\u00e9s intelectual. Es la mayor fuente de tanto en la vida que hace que valga la pena vivirla.\t\t\t\t\t<\/div>\n\t\t\t\t\n\t\t\t\t\t\t\t\t\t<div class=\"elementor-cta__button-wrapper elementor-cta__content-item elementor-content-item\">\n\t\t\t\t\t<a class=\"elementor-cta__button elementor-button elementor-size-xs\" href=\"https:\/\/sirattenborough.com\/en\/contacto\/\" target=\"_blank\">\n\t\t\t\t\t\tContacto\t\t\t\t\t<\/a>\n\t\t\t\t\t<\/div>\n\t\t\t\t\t\t\t<\/div>\n\t\t\t\t\t\t<\/div>\n\t\t\t\t\t\t<\/div>\n\t\t\t\t<\/div>\n\t\t\t\t\t<\/div>\n\t\t<\/div>\n\t\t\t\t\t<\/div>\n\t\t<\/section>\n\t\t\t\t<\/div>","protected":false},"excerpt":{"rendered":"<p>Susan Attenborough P\u00e1gina en construcci\u00f3n Arriba Sir Attenborough Me parece que el mundo natural es la mayor fuente de excitaci\u00f3n, la mayor fuente de belleza visual, la mayor fuente de inter\u00e9s intelectual. Es la mayor fuente de tanto en la vida que hace que valga la pena vivirla. Contacto<\/p>","protected":false},"author":2,"featured_media":0,"parent":0,"menu_order":0,"comment_status":"closed","ping_status":"closed","template":"elementor_canvas","meta":{"footnotes":""},"class_list":["post-5835","page","type-page","status-publish","hentry"],"_links":{"self":[{"href":"https:\/\/sirattenborough.com\/en\/wp-json\/wp\/v2\/pages\/5835","targetHints":{"allow":["GET"]}}],"collection":[{"href":"https:\/\/sirattenborough.com\/en\/wp-json\/wp\/v2\/pages"}],"about":[{"href":"https:\/\/sirattenborough.com\/en\/wp-json\/wp\/v2\/types\/page"}],"author":[{"embeddable":true,"href":"https:\/\/sirattenborough.com\/en\/wp-json\/wp\/v2\/users\/2"}],"replies":[{"embeddable":true,"href":"https:\/\/sirattenborough.com\/en\/wp-json\/wp\/v2\/comments?post=5835"}],"version-history":[{"count":7,"href":"https:\/\/sirattenborough.com\/en\/wp-json\/wp\/v2\/pages\/5835\/revisions"}],"predecessor-version":[{"id":5843,"href":"https:\/\/sirattenborough.com\/en\/wp-json\/wp\/v2\/pages\/5835\/revisions\/5843"}],"wp:attachment":[{"href":"https:\/\/sirattenborough.com\/en\/wp-json\/wp\/v2\/media?parent=5835"}],"curies":[{"name":"wp","href":"https:\/\/api.w.org\/{rel}","templated":true}]}}